{"id":719,"date":"2025-06-18T14:39:43","date_gmt":"2025-06-18T14:39:43","guid":{"rendered":"https:\/\/faber.hr\/contact\/"},"modified":"2025-11-10T10:52:34","modified_gmt":"2025-11-10T10:52:34","slug":"contact","status":"publish","type":"page","link":"https:\/\/faber.hr\/en\/contact\/","title":{"rendered":"Contact"},"content":{"rendered":"\t\t<div data-elementor-type=\"wp-page\" data-elementor-id=\"719\" class=\"elementor elementor-719 elementor-431\" data-elementor-post-type=\"page\">\n\t\t\t\t<section class=\"elementor-element elementor-element-097b6cb e-flex e-con-boxed e-con e-parent\" data-id=\"097b6cb\" data-element_type=\"container\">\n\t\t\t\t\t<div class=\"e-con-inner\">\n\t\t\t\t<div class=\"elementor-element elementor-element-68d064f elementor-widget elementor-widget-heading\" data-id=\"68d064f\" data-element_type=\"widget\" data-widget_type=\"heading.default\">\n\t\t\t\t<div class=\"elementor-widget-container\">\n\t\t\t\t\t<h1 class=\"elementor-heading-title elementor-size-default\">Contact us<\/h1>\t\t\t\t<\/div>\n\t\t\t\t<\/div>\n\t\t<div class=\"elementor-element elementor-element-d29e997 e-con-full e-flex elementor-invisible e-con e-child\" data-id=\"d29e997\" data-element_type=\"container\" data-settings=\"{&quot;animation&quot;:&quot;fadeIn&quot;}\">\n\t\t<div class=\"elementor-element elementor-element-bd27940 e-con-full e-flex e-con e-child\" data-id=\"bd27940\" data-element_type=\"container\">\n\t\t\t\t<div class=\"elementor-element elementor-element-6573181 elementor-view-stacked icon-flex  elementor-shape-circle elementor-widget elementor-widget-icon\" data-id=\"6573181\" data-element_type=\"widget\" data-widget_type=\"icon.default\">\n\t\t\t\t<div class=\"elementor-widget-container\">\n\t\t\t\t\t\t\t<div class=\"elementor-icon-wrapper\">\n\t\t\t<div class=\"elementor-icon\">\n\t\t\t<svg xmlns=\"http:\/\/www.w3.org\/2000\/svg\" width=\"35\" height=\"41\" viewBox=\"0 0 35 41\" fill=\"none\"><path d=\"M11.2707 18.0126C11.2707 19.6052 11.8831 21.1326 12.9732 22.2587C14.0632 23.3848 15.5417 24.0175 17.0832 24.0175C18.6248 24.0175 20.1032 23.3848 21.1933 22.2587C22.2834 21.1326 22.8957 19.6052 22.8957 18.0126C22.8957 16.42 22.2834 14.8926 21.1933 13.7664C20.1032 12.6403 18.6248 12.0076 17.0832 12.0076C15.5417 12.0076 14.0632 12.6403 12.9732 13.7664C11.8831 14.8926 11.2707 16.42 11.2707 18.0126Z\" stroke=\"white\" stroke-width=\"3\" stroke-linecap=\"round\" stroke-linejoin=\"round\"><\/path><path d=\"M28.0437 29.3359L19.8229 37.8289C19.0963 38.5788 18.1113 39 17.0842 39C16.0572 39 15.0722 38.5788 14.3456 37.8289L6.12282 29.3359C3.95519 27.0964 2.47903 24.2431 1.88103 21.1369C1.28302 18.0307 1.59002 14.811 2.7632 11.885C3.93638 8.95903 5.92306 6.45816 8.472 4.69865C11.0209 2.93914 14.0177 2 17.0833 2C20.1488 2 23.1456 2.93914 25.6945 4.69865C28.2434 6.45816 30.2301 8.95903 31.4033 11.885C32.5765 14.811 32.8835 18.0307 32.2855 21.1369C31.6875 24.2431 30.2113 27.0964 28.0437 29.3359Z\" stroke=\"white\" stroke-width=\"3\" stroke-linecap=\"round\" stroke-linejoin=\"round\"><\/path><\/svg>\t\t\t<\/div>\n\t\t<\/div>\n\t\t\t\t\t\t<\/div>\n\t\t\t\t<\/div>\n\t\t\t\t<div class=\"elementor-element elementor-element-9f456b0 elementor-widget elementor-widget-heading\" data-id=\"9f456b0\" data-element_type=\"widget\" data-widget_type=\"heading.default\">\n\t\t\t\t<div class=\"elementor-widget-container\">\n\t\t\t\t\t<h3 class=\"elementor-heading-title elementor-size-default\">SPLIT<\/h3>\t\t\t\t<\/div>\n\t\t\t\t<\/div>\n\t\t\t\t<div class=\"elementor-element elementor-element-cd33ec8 elementor-widget elementor-widget-text-editor\" data-id=\"cd33ec8\" data-element_type=\"widget\" data-widget_type=\"text-editor.default\">\n\t\t\t\t<div class=\"elementor-widget-container\">\n\t\t\t\t\t\t\t\t\t<p>Vukovarska ulica 143, Split<\/p>\t\t\t\t\t\t\t\t<\/div>\n\t\t\t\t<\/div>\n\t\t\t\t<div class=\"elementor-element elementor-element-73ca0c9 link-hover-underline elementor-icon-list--layout-traditional elementor-list-item-link-full_width elementor-widget elementor-widget-icon-list\" data-id=\"73ca0c9\" data-element_type=\"widget\" data-widget_type=\"icon-list.default\">\n\t\t\t\t<div class=\"elementor-widget-container\">\n\t\t\t\t\t\t\t<ul class=\"elementor-icon-list-items\">\n\t\t\t\t\t\t\t<li class=\"elementor-icon-list-item\">\n\t\t\t\t\t\t\t\t\t\t\t<a href=\"tel:+385994968228\">\n\n\t\t\t\t\t\t\t\t\t\t\t\t<span class=\"elementor-icon-list-icon\">\n\t\t\t\t\t\t\t<svg xmlns=\"http:\/\/www.w3.org\/2000\/svg\" width=\"20\" height=\"21\" viewBox=\"0 0 20 21\" fill=\"none\"><path d=\"M13 5.42188C13.5304 5.42188 14.0391 5.63259 14.4142 6.00766C14.7893 6.38273 15 6.89144 15 7.42188M13 1.42188C14.5913 1.42188 16.1174 2.05402 17.2426 3.17923C18.3679 4.30445 19 5.83058 19 7.42188M3 2.42188H7L9 7.42188L6.5 8.92188C7.57096 11.0934 9.32847 12.8509 11.5 13.9219L13 11.4219L18 13.4219V17.4219C18 17.9523 17.7893 18.461 17.4142 18.8361C17.0391 19.2112 16.5304 19.4219 16 19.4219C12.0993 19.1848 8.42015 17.5284 5.65683 14.765C2.8935 12.0017 1.23705 8.32261 1 4.42188C1 3.89144 1.21071 3.38273 1.58579 3.00766C1.96086 2.63259 2.46957 2.42188 3 2.42188Z\" stroke=\"#D5692D\" stroke-width=\"2\" stroke-linecap=\"round\" stroke-linejoin=\"round\"><\/path><\/svg>\t\t\t\t\t\t<\/span>\n\t\t\t\t\t\t\t\t\t\t<span class=\"elementor-icon-list-text\">+385 (99) 496 82 28<\/span>\n\t\t\t\t\t\t\t\t\t\t\t<\/a>\n\t\t\t\t\t\t\t\t\t<\/li>\n\t\t\t\t\t\t<\/ul>\n\t\t\t\t\t\t<\/div>\n\t\t\t\t<\/div>\n\t\t\t\t<\/div>\n\t\t<div class=\"elementor-element elementor-element-a620e59 e-con-full e-flex e-con e-child\" data-id=\"a620e59\" data-element_type=\"container\">\n\t\t\t\t<div class=\"elementor-element elementor-element-552ef36 elementor-view-stacked icon-flex  elementor-shape-circle elementor-widget elementor-widget-icon\" data-id=\"552ef36\" data-element_type=\"widget\" data-widget_type=\"icon.default\">\n\t\t\t\t<div class=\"elementor-widget-container\">\n\t\t\t\t\t\t\t<div class=\"elementor-icon-wrapper\">\n\t\t\t<div class=\"elementor-icon\">\n\t\t\t<svg xmlns=\"http:\/\/www.w3.org\/2000\/svg\" width=\"35\" height=\"41\" viewBox=\"0 0 35 41\" fill=\"none\"><path d=\"M11.2707 18.0126C11.2707 19.6052 11.8831 21.1326 12.9732 22.2587C14.0632 23.3848 15.5417 24.0175 17.0832 24.0175C18.6248 24.0175 20.1032 23.3848 21.1933 22.2587C22.2834 21.1326 22.8957 19.6052 22.8957 18.0126C22.8957 16.42 22.2834 14.8926 21.1933 13.7664C20.1032 12.6403 18.6248 12.0076 17.0832 12.0076C15.5417 12.0076 14.0632 12.6403 12.9732 13.7664C11.8831 14.8926 11.2707 16.42 11.2707 18.0126Z\" stroke=\"white\" stroke-width=\"3\" stroke-linecap=\"round\" stroke-linejoin=\"round\"><\/path><path d=\"M28.0437 29.3359L19.8229 37.8289C19.0963 38.5788 18.1113 39 17.0842 39C16.0572 39 15.0722 38.5788 14.3456 37.8289L6.12282 29.3359C3.95519 27.0964 2.47903 24.2431 1.88103 21.1369C1.28302 18.0307 1.59002 14.811 2.7632 11.885C3.93638 8.95903 5.92306 6.45816 8.472 4.69865C11.0209 2.93914 14.0177 2 17.0833 2C20.1488 2 23.1456 2.93914 25.6945 4.69865C28.2434 6.45816 30.2301 8.95903 31.4033 11.885C32.5765 14.811 32.8835 18.0307 32.2855 21.1369C31.6875 24.2431 30.2113 27.0964 28.0437 29.3359Z\" stroke=\"white\" stroke-width=\"3\" stroke-linecap=\"round\" stroke-linejoin=\"round\"><\/path><\/svg>\t\t\t<\/div>\n\t\t<\/div>\n\t\t\t\t\t\t<\/div>\n\t\t\t\t<\/div>\n\t\t\t\t<div class=\"elementor-element elementor-element-e465a02 elementor-widget elementor-widget-heading\" data-id=\"e465a02\" data-element_type=\"widget\" data-widget_type=\"heading.default\">\n\t\t\t\t<div class=\"elementor-widget-container\">\n\t\t\t\t\t<h3 class=\"elementor-heading-title elementor-size-default\">IMOTSKI<\/h3>\t\t\t\t<\/div>\n\t\t\t\t<\/div>\n\t\t\t\t<div class=\"elementor-element elementor-element-04d4076 elementor-widget elementor-widget-text-editor\" data-id=\"04d4076\" data-element_type=\"widget\" data-widget_type=\"text-editor.default\">\n\t\t\t\t<div class=\"elementor-widget-container\">\n\t\t\t\t\t\t\t\t\t<p>Poslovna zona Imotski<\/p>\t\t\t\t\t\t\t\t<\/div>\n\t\t\t\t<\/div>\n\t\t\t\t<div class=\"elementor-element elementor-element-6004530 link-hover-underline elementor-icon-list--layout-traditional elementor-list-item-link-full_width elementor-widget elementor-widget-icon-list\" data-id=\"6004530\" data-element_type=\"widget\" data-widget_type=\"icon-list.default\">\n\t\t\t\t<div class=\"elementor-widget-container\">\n\t\t\t\t\t\t\t<ul class=\"elementor-icon-list-items\">\n\t\t\t\t\t\t\t<li class=\"elementor-icon-list-item\">\n\t\t\t\t\t\t\t\t\t\t\t<a href=\"tel:+385992970909\">\n\n\t\t\t\t\t\t\t\t\t\t\t\t<span class=\"elementor-icon-list-icon\">\n\t\t\t\t\t\t\t<svg xmlns=\"http:\/\/www.w3.org\/2000\/svg\" width=\"20\" height=\"21\" viewBox=\"0 0 20 21\" fill=\"none\"><path d=\"M13 5.42188C13.5304 5.42188 14.0391 5.63259 14.4142 6.00766C14.7893 6.38273 15 6.89144 15 7.42188M13 1.42188C14.5913 1.42188 16.1174 2.05402 17.2426 3.17923C18.3679 4.30445 19 5.83058 19 7.42188M3 2.42188H7L9 7.42188L6.5 8.92188C7.57096 11.0934 9.32847 12.8509 11.5 13.9219L13 11.4219L18 13.4219V17.4219C18 17.9523 17.7893 18.461 17.4142 18.8361C17.0391 19.2112 16.5304 19.4219 16 19.4219C12.0993 19.1848 8.42015 17.5284 5.65683 14.765C2.8935 12.0017 1.23705 8.32261 1 4.42188C1 3.89144 1.21071 3.38273 1.58579 3.00766C1.96086 2.63259 2.46957 2.42188 3 2.42188Z\" stroke=\"#D5692D\" stroke-width=\"2\" stroke-linecap=\"round\" stroke-linejoin=\"round\"><\/path><\/svg>\t\t\t\t\t\t<\/span>\n\t\t\t\t\t\t\t\t\t\t<span class=\"elementor-icon-list-text\">+385 (99) 297 09 09<\/span>\n\t\t\t\t\t\t\t\t\t\t\t<\/a>\n\t\t\t\t\t\t\t\t\t<\/li>\n\t\t\t\t\t\t\t\t<li class=\"elementor-icon-list-item\">\n\t\t\t\t\t\t\t\t\t\t\t<a href=\"tel:+385994892987\">\n\n\t\t\t\t\t\t\t\t\t\t\t\t<span class=\"elementor-icon-list-icon\">\n\t\t\t\t\t\t\t<svg xmlns=\"http:\/\/www.w3.org\/2000\/svg\" width=\"20\" height=\"21\" viewBox=\"0 0 20 21\" fill=\"none\"><path d=\"M13 5.42188C13.5304 5.42188 14.0391 5.63259 14.4142 6.00766C14.7893 6.38273 15 6.89144 15 7.42188M13 1.42188C14.5913 1.42188 16.1174 2.05402 17.2426 3.17923C18.3679 4.30445 19 5.83058 19 7.42188M3 2.42188H7L9 7.42188L6.5 8.92188C7.57096 11.0934 9.32847 12.8509 11.5 13.9219L13 11.4219L18 13.4219V17.4219C18 17.9523 17.7893 18.461 17.4142 18.8361C17.0391 19.2112 16.5304 19.4219 16 19.4219C12.0993 19.1848 8.42015 17.5284 5.65683 14.765C2.8935 12.0017 1.23705 8.32261 1 4.42188C1 3.89144 1.21071 3.38273 1.58579 3.00766C1.96086 2.63259 2.46957 2.42188 3 2.42188Z\" stroke=\"#D5692D\" stroke-width=\"2\" stroke-linecap=\"round\" stroke-linejoin=\"round\"><\/path><\/svg>\t\t\t\t\t\t<\/span>\n\t\t\t\t\t\t\t\t\t\t<span class=\"elementor-icon-list-text\">+385 (99) 489 29 87<\/span>\n\t\t\t\t\t\t\t\t\t\t\t<\/a>\n\t\t\t\t\t\t\t\t\t<\/li>\n\t\t\t\t\t\t<\/ul>\n\t\t\t\t\t\t<\/div>\n\t\t\t\t<\/div>\n\t\t\t\t<\/div>\n\t\t<div class=\"elementor-element elementor-element-62c1b08 e-con-full e-flex e-con e-child\" data-id=\"62c1b08\" data-element_type=\"container\">\n\t\t\t\t<div class=\"elementor-element elementor-element-01b2b64 elementor-view-stacked icon-flex elementor-shape-circle elementor-widget elementor-widget-icon\" data-id=\"01b2b64\" data-element_type=\"widget\" data-widget_type=\"icon.default\">\n\t\t\t\t<div class=\"elementor-widget-container\">\n\t\t\t\t\t\t\t<div class=\"elementor-icon-wrapper\">\n\t\t\t<div class=\"elementor-icon\">\n\t\t\t<svg xmlns=\"http:\/\/www.w3.org\/2000\/svg\" width=\"45\" height=\"36\" viewBox=\"0 0 45 36\" fill=\"none\"><path d=\"M1.91675 6.57143C1.91675 5.35901 2.39671 4.19625 3.25104 3.33894C4.10537 2.48163 5.26409 2 6.4723 2H38.3612C39.5694 2 40.7281 2.48163 41.5825 3.33894C42.4368 4.19625 42.9167 5.35901 42.9167 6.57143M1.91675 6.57143V29.4286C1.91675 30.641 2.39671 31.8038 3.25104 32.6611C4.10537 33.5184 5.26409 34 6.4723 34H38.3612C39.5694 34 40.7281 33.5184 41.5825 32.6611C42.4368 31.8038 42.9167 30.641 42.9167 29.4286V6.57143M1.91675 6.57143L22.4167 20.2857L42.9167 6.57143\" stroke=\"white\" stroke-width=\"3\" stroke-linecap=\"round\" stroke-linejoin=\"round\"><\/path><\/svg>\t\t\t<\/div>\n\t\t<\/div>\n\t\t\t\t\t\t<\/div>\n\t\t\t\t<\/div>\n\t\t\t\t<div class=\"elementor-element elementor-element-fe36db3 elementor-widget elementor-widget-heading\" data-id=\"fe36db3\" data-element_type=\"widget\" data-widget_type=\"heading.default\">\n\t\t\t\t<div class=\"elementor-widget-container\">\n\t\t\t\t\t<h3 class=\"elementor-heading-title elementor-size-default\">E-MAIL<\/h3>\t\t\t\t<\/div>\n\t\t\t\t<\/div>\n\t\t\t\t<div class=\"elementor-element elementor-element-e8a6702 link-hover-underline elementor-widget elementor-widget-text-editor\" data-id=\"e8a6702\" data-element_type=\"widget\" data-widget_type=\"text-editor.default\">\n\t\t\t\t<div class=\"elementor-widget-container\">\n\t\t\t\t\t\t\t\t\t<p><a href=\"mailto:faber@faber.hr\">faber@faber.hr<\/a><\/p>\t\t\t\t\t\t\t\t<\/div>\n\t\t\t\t<\/div>\n\t\t\t\t<\/div>\n\t\t\t\t<\/div>\n\t\t\t\t\t<\/div>\n\t\t\t\t<\/section>\n\t\t<section class=\"elementor-element elementor-element-87b17f6 e-flex e-con-boxed elementor-invisible e-con e-parent\" data-id=\"87b17f6\" data-element_type=\"container\" data-settings=\"{&quot;animation&quot;:&quot;fadeIn&quot;}\">\n\t\t\t\t\t<div class=\"e-con-inner\">\n\t\t\t\t<div class=\"elementor-element elementor-element-024d32f elementor-widget elementor-widget-heading\" data-id=\"024d32f\" data-element_type=\"widget\" data-widget_type=\"heading.default\">\n\t\t\t\t<div class=\"elementor-widget-container\">\n\t\t\t\t\t<h1 class=\"elementor-heading-title elementor-size-default\">Send an inquiry<\/h1>\t\t\t\t<\/div>\n\t\t\t\t<\/div>\n\t\t\t\t<div class=\"elementor-element elementor-element-b81cdf6 elementor-widget elementor-widget-text-editor\" data-id=\"b81cdf6\" data-element_type=\"widget\" data-widget_type=\"text-editor.default\">\n\t\t\t\t<div class=\"elementor-widget-container\">\n\t\t\t\t\t\t\t\t\t<p>Po\u0161aljite upit, a mi \u0107emo se pobrinuti da Vam pru\u017eimo odgovor u \u0161to kra\u0107em roku.<\/p>\t\t\t\t\t\t\t\t<\/div>\n\t\t\t\t<\/div>\n\t\t\t\t<div class=\"elementor-element elementor-element-eebb4ea elementor-button-align-center elementor-widget elementor-widget-form\" data-id=\"eebb4ea\" data-element_type=\"widget\" data-settings=\"{&quot;step_next_label&quot;:&quot;Next&quot;,&quot;step_previous_label&quot;:&quot;Previous&quot;,&quot;button_width&quot;:&quot;100&quot;,&quot;step_type&quot;:&quot;number_text&quot;,&quot;step_icon_shape&quot;:&quot;circle&quot;}\" data-widget_type=\"form.default\">\n\t\t\t\t<div class=\"elementor-widget-container\">\n\t\t\t\t\t\t\t<form class=\"elementor-form\" method=\"post\" id=\"upt\" name=\"Upit\" novalidate=\"\">\n\t\t\t<input type=\"hidden\" name=\"post_id\" value=\"719\"\/>\n\t\t\t<input type=\"hidden\" name=\"form_id\" value=\"eebb4ea\"\/>\n\t\t\t<input type=\"hidden\" name=\"referer_title\" value=\"Faber\" \/>\n\n\t\t\t\n\t\t\t<div class=\"elementor-form-fields-wrapper elementor-labels-\">\n\t\t\t\t\t\t\t\t<div class=\"elementor-field-type-text elementor-field-group elementor-column elementor-field-group-ime elementor-col-50 elementor-field-required\">\n\t\t\t\t\t\t\t\t\t\t\t\t<label for=\"form-field-ime\" class=\"elementor-field-label elementor-screen-only\">\n\t\t\t\t\t\t\t\tFull name\t\t\t\t\t\t\t<\/label>\n\t\t\t\t\t\t\t\t\t\t\t\t\t\t<input size=\"1\" type=\"text\" name=\"form_fields[ime]\" id=\"form-field-ime\" class=\"elementor-field elementor-size-sm  elementor-field-textual\" placeholder=\"Full name\" required=\"required\">\n\t\t\t\t\t\t\t\t\t\t\t<\/div>\n\t\t\t\t\t\t\t\t<div class=\"elementor-field-type-email elementor-field-group elementor-column elementor-field-group-email elementor-col-50 elementor-field-required\">\n\t\t\t\t\t\t\t\t\t\t\t\t<label for=\"form-field-email\" class=\"elementor-field-label elementor-screen-only\">\n\t\t\t\t\t\t\t\tE-mail\t\t\t\t\t\t\t<\/label>\n\t\t\t\t\t\t\t\t\t\t\t\t\t\t<input size=\"1\" type=\"email\" name=\"form_fields[email]\" id=\"form-field-email\" class=\"elementor-field elementor-size-sm  elementor-field-textual\" placeholder=\"E-mail\" required=\"required\">\n\t\t\t\t\t\t\t\t\t\t\t<\/div>\n\t\t\t\t\t\t\t\t<div class=\"elementor-field-type-textarea elementor-field-group elementor-column elementor-field-group-poruka elementor-col-100 elementor-field-required\">\n\t\t\t\t\t\t\t\t\t\t\t\t<label for=\"form-field-poruka\" class=\"elementor-field-label elementor-screen-only\">\n\t\t\t\t\t\t\t\tWrite here how we can help you...\t\t\t\t\t\t\t<\/label>\n\t\t\t\t\t\t<textarea class=\"elementor-field-textual elementor-field  elementor-size-sm\" name=\"form_fields[poruka]\" id=\"form-field-poruka\" rows=\"4\" placeholder=\"Write here how we can help you...\" required=\"required\"><\/textarea>\t\t\t\t<\/div>\n\t\t\t\t\t\t\t\t<div class=\"elementor-field-group elementor-column elementor-field-type-submit elementor-col-100 e-form__buttons\">\n\t\t\t\t\t<button class=\"elementor-button elementor-size-sm\" type=\"submit\">\n\t\t\t\t\t\t<span class=\"elementor-button-content-wrapper\">\n\t\t\t\t\t\t\t\t\t\t\t\t\t\t\t\t\t\t\t\t\t\t<span class=\"elementor-button-text\">Send an inquiry<\/span>\n\t\t\t\t\t\t\t\t\t\t\t\t\t<\/span>\n\t\t\t\t\t<\/button>\n\t\t\t\t<\/div>\n\t\t\t<\/div>\n\t\t<\/form>\n\t\t\t\t\t\t<\/div>\n\t\t\t\t<\/div>\n\t\t\t\t\t<\/div>\n\t\t\t\t<\/section>\n\t\t<section class=\"elementor-element elementor-element-9ebb596 e-con-full e-flex elementor-invisible e-con e-parent\" data-id=\"9ebb596\" data-element_type=\"container\" data-settings=\"{&quot;animation&quot;:&quot;fadeIn&quot;}\">\n\t\t\t\t<div class=\"elementor-element elementor-element-9f08fec elementor-widget elementor-widget-pp-google-maps\" data-id=\"9f08fec\" data-element_type=\"widget\" data-settings=\"{&quot;marker_animation&quot;:&quot;drop&quot;,&quot;map_type&quot;:&quot;roadmap&quot;,&quot;map_option_streeview&quot;:&quot;yes&quot;,&quot;map_type_control&quot;:&quot;yes&quot;,&quot;zoom_control&quot;:&quot;yes&quot;,&quot;fullscreen_control&quot;:&quot;yes&quot;,&quot;map_scroll_zoom&quot;:&quot;yes&quot;}\" data-widget_type=\"pp-google-maps.default\">\n\t\t\t\t<div class=\"elementor-widget-container\">\n\t\t\t\t\t\t\t<div class=\"pp-google-map-container\">\n\t\t\t<div id=\"pp-google-map-9f08fec\" class=\"pp-google-map pp-map-height\" data-zoom=\"7\" data-zoomtype=\"custom\" data-iw-max-width=\"240\" data-locations=\"[{&quot;lat&quot;:&quot;43.5140525&quot;,&quot;lang&quot;:&quot;16.465338&quot;,&quot;infowindow&quot;:&quot;yes&quot;,&quot;title&quot;:&quot;Faber office Split&quot;,&quot;description&quot;:&quot;Vukovarska ulica 145, Split&quot;,&quot;marker_type&quot;:&quot;&quot;,&quot;icon_url&quot;:&quot;&quot;,&quot;icon_size&quot;:&quot;&quot;,&quot;iw_open&quot;:&quot;iw_open&quot;},{&quot;lat&quot;:&quot;43.455858&quot;,&quot;lang&quot;:&quot;17.260323&quot;,&quot;infowindow&quot;:&quot;yes&quot;,&quot;title&quot;:&quot;Faber office Imotski&quot;,&quot;description&quot;:&quot;Poslovna zona Imotski&quot;,&quot;marker_type&quot;:&quot;&quot;,&quot;icon_url&quot;:&quot;&quot;,&quot;icon_size&quot;:&quot;&quot;,&quot;iw_open&quot;:&quot;iw_open&quot;}]\"><\/div>\n\t\t<\/div>\n\t\t\t\t\t\t<\/div>\n\t\t\t\t<\/div>\n\t\t\t\t<\/section>\n\t\t\t\t<\/div>\n\t\t","protected":false},"excerpt":{"rendered":"<p>Contact us SPLIT Vukovarska ulica 143, Split +385 (99) 496 82 28 IMOTSKI Poslovna zona Imotski +385 (99) 297 09 09 +385 (99) 489 29 87 E-MAIL faber@faber.hr Send an inquiry Po\u0161aljite upit, a mi \u0107emo se pobrinuti da Vam pru\u017eimo odgovor u \u0161to kra\u0107em roku.<\/p>\n","protected":false},"author":1,"featured_media":0,"parent":0,"menu_order":0,"comment_status":"closed","ping_status":"closed","template":"","meta":{"footnotes":""},"class_list":["post-719","page","type-page","status-publish","hentry"],"yoast_head":"<!-- This site is optimized with the Yoast SEO plugin v25.3.1 - https:\/\/yoast.com\/wordpress\/plugins\/seo\/ -->\n<title>Contact - Faber<\/title>\n<meta name=\"robots\" content=\"index, follow, max-snippet:-1, max-image-preview:large, max-video-preview:-1\" \/>\n<link rel=\"canonical\" href=\"https:\/\/faber.hr\/kontakt\/\" \/>\n<meta property=\"og:locale\" content=\"en_US\" \/>\n<meta property=\"og:type\" content=\"article\" \/>\n<meta property=\"og:title\" content=\"Contact - Faber\" \/>\n<meta property=\"og:description\" content=\"Contact us SPLIT Vukovarska ulica 143, Split +385 (99) 496 82 28 IMOTSKI Poslovna zona Imotski +385 (99) 297 09 09 +385 (99) 489 29 87 E-MAIL faber@faber.hr Send an inquiry Po\u0161aljite upit, a mi \u0107emo se pobrinuti da Vam pru\u017eimo odgovor u \u0161to kra\u0107em roku.\" \/>\n<meta property=\"og:url\" content=\"https:\/\/faber.hr\/kontakt\/\" \/>\n<meta property=\"og:site_name\" content=\"Faber\" \/>\n<meta property=\"article:modified_time\" content=\"2025-11-10T10:52:34+00:00\" \/>\n<meta name=\"twitter:card\" content=\"summary_large_image\" \/>\n<meta name=\"twitter:label1\" content=\"Est. reading time\" \/>\n\t<meta name=\"twitter:data1\" content=\"16 minutes\" \/>\n<script type=\"application\/ld+json\" class=\"yoast-schema-graph\">{\"@context\":\"https:\/\/schema.org\",\"@graph\":[{\"@type\":\"WebPage\",\"@id\":\"https:\/\/faber.hr\/kontakt\/\",\"url\":\"https:\/\/faber.hr\/kontakt\/\",\"name\":\"Contact - Faber\",\"isPartOf\":{\"@id\":\"https:\/\/faber.hr\/#website\"},\"datePublished\":\"2025-06-18T14:39:43+00:00\",\"dateModified\":\"2025-11-10T10:52:34+00:00\",\"breadcrumb\":{\"@id\":\"https:\/\/faber.hr\/kontakt\/#breadcrumb\"},\"inLanguage\":\"en-US\",\"potentialAction\":[{\"@type\":\"ReadAction\",\"target\":[\"https:\/\/faber.hr\/kontakt\/\"]}]},{\"@type\":\"BreadcrumbList\",\"@id\":\"https:\/\/faber.hr\/kontakt\/#breadcrumb\",\"itemListElement\":[{\"@type\":\"ListItem\",\"position\":1,\"name\":\"Home\",\"item\":\"https:\/\/faber.hr\/en\/homepage\/\"},{\"@type\":\"ListItem\",\"position\":2,\"name\":\"Contact\"}]},{\"@type\":\"WebSite\",\"@id\":\"https:\/\/faber.hr\/#website\",\"url\":\"https:\/\/faber.hr\/\",\"name\":\"Faber\",\"description\":\"\",\"publisher\":{\"@id\":\"https:\/\/faber.hr\/#organization\"},\"potentialAction\":[{\"@type\":\"SearchAction\",\"target\":{\"@type\":\"EntryPoint\",\"urlTemplate\":\"https:\/\/faber.hr\/?s={search_term_string}\"},\"query-input\":{\"@type\":\"PropertyValueSpecification\",\"valueRequired\":true,\"valueName\":\"search_term_string\"}}],\"inLanguage\":\"en-US\"},{\"@type\":\"Organization\",\"@id\":\"https:\/\/faber.hr\/#organization\",\"name\":\"Faber\",\"url\":\"https:\/\/faber.hr\/\",\"logo\":{\"@type\":\"ImageObject\",\"inLanguage\":\"en-US\",\"@id\":\"https:\/\/faber.hr\/#\/schema\/logo\/image\/\",\"url\":\"https:\/\/faber.hr\/wp-content\/uploads\/2025\/06\/faber-logo-h.svg\",\"contentUrl\":\"https:\/\/faber.hr\/wp-content\/uploads\/2025\/06\/faber-logo-h.svg\",\"width\":266,\"height\":46,\"caption\":\"Faber\"},\"image\":{\"@id\":\"https:\/\/faber.hr\/#\/schema\/logo\/image\/\"}}]}<\/script>\n<!-- \/ Yoast SEO plugin. -->","yoast_head_json":{"title":"Contact - Faber","robots":{"index":"index","follow":"follow","max-snippet":"max-snippet:-1","max-image-preview":"max-image-preview:large","max-video-preview":"max-video-preview:-1"},"canonical":"https:\/\/faber.hr\/kontakt\/","og_locale":"en_US","og_type":"article","og_title":"Contact - Faber","og_description":"Contact us SPLIT Vukovarska ulica 143, Split +385 (99) 496 82 28 IMOTSKI Poslovna zona Imotski +385 (99) 297 09 09 +385 (99) 489 29 87 E-MAIL faber@faber.hr Send an inquiry Po\u0161aljite upit, a mi \u0107emo se pobrinuti da Vam pru\u017eimo odgovor u \u0161to kra\u0107em roku.","og_url":"https:\/\/faber.hr\/kontakt\/","og_site_name":"Faber","article_modified_time":"2025-11-10T10:52:34+00:00","twitter_card":"summary_large_image","twitter_misc":{"Est. reading time":"16 minutes"},"schema":{"@context":"https:\/\/schema.org","@graph":[{"@type":"WebPage","@id":"https:\/\/faber.hr\/kontakt\/","url":"https:\/\/faber.hr\/kontakt\/","name":"Contact - Faber","isPartOf":{"@id":"https:\/\/faber.hr\/#website"},"datePublished":"2025-06-18T14:39:43+00:00","dateModified":"2025-11-10T10:52:34+00:00","breadcrumb":{"@id":"https:\/\/faber.hr\/kontakt\/#breadcrumb"},"inLanguage":"en-US","potentialAction":[{"@type":"ReadAction","target":["https:\/\/faber.hr\/kontakt\/"]}]},{"@type":"BreadcrumbList","@id":"https:\/\/faber.hr\/kontakt\/#breadcrumb","itemListElement":[{"@type":"ListItem","position":1,"name":"Home","item":"https:\/\/faber.hr\/en\/homepage\/"},{"@type":"ListItem","position":2,"name":"Contact"}]},{"@type":"WebSite","@id":"https:\/\/faber.hr\/#website","url":"https:\/\/faber.hr\/","name":"Faber","description":"","publisher":{"@id":"https:\/\/faber.hr\/#organization"},"potentialAction":[{"@type":"SearchAction","target":{"@type":"EntryPoint","urlTemplate":"https:\/\/faber.hr\/?s={search_term_string}"},"query-input":{"@type":"PropertyValueSpecification","valueRequired":true,"valueName":"search_term_string"}}],"inLanguage":"en-US"},{"@type":"Organization","@id":"https:\/\/faber.hr\/#organization","name":"Faber","url":"https:\/\/faber.hr\/","logo":{"@type":"ImageObject","inLanguage":"en-US","@id":"https:\/\/faber.hr\/#\/schema\/logo\/image\/","url":"https:\/\/faber.hr\/wp-content\/uploads\/2025\/06\/faber-logo-h.svg","contentUrl":"https:\/\/faber.hr\/wp-content\/uploads\/2025\/06\/faber-logo-h.svg","width":266,"height":46,"caption":"Faber"},"image":{"@id":"https:\/\/faber.hr\/#\/schema\/logo\/image\/"}}]}},"_links":{"self":[{"href":"https:\/\/faber.hr\/en\/wp-json\/wp\/v2\/pages\/719","targetHints":{"allow":["GET"]}}],"collection":[{"href":"https:\/\/faber.hr\/en\/wp-json\/wp\/v2\/pages"}],"about":[{"href":"https:\/\/faber.hr\/en\/wp-json\/wp\/v2\/types\/page"}],"author":[{"embeddable":true,"href":"https:\/\/faber.hr\/en\/wp-json\/wp\/v2\/users\/1"}],"replies":[{"embeddable":true,"href":"https:\/\/faber.hr\/en\/wp-json\/wp\/v2\/comments?post=719"}],"version-history":[{"count":11,"href":"https:\/\/faber.hr\/en\/wp-json\/wp\/v2\/pages\/719\/revisions"}],"predecessor-version":[{"id":780,"href":"https:\/\/faber.hr\/en\/wp-json\/wp\/v2\/pages\/719\/revisions\/780"}],"wp:attachment":[{"href":"https:\/\/faber.hr\/en\/wp-json\/wp\/v2\/media?parent=719"}],"curies":[{"name":"wp","href":"https:\/\/api.w.org\/{rel}","templated":true}]}}